{"id":544,"date":"2023-10-04T16:15:26","date_gmt":"2023-10-04T14:15:26","guid":{"rendered":"http:\/\/moulard.creamel.fr\/moulard\/?page_id=544"},"modified":"2024-01-22T11:18:16","modified_gmt":"2024-01-22T10:18:16","slug":"formation","status":"publish","type":"page","link":"http:\/\/moulard.creamel.fr\/moulard\/index.php\/formation\/","title":{"rendered":"Formations et ateliers"},"content":{"rendered":"\t\t<div data-elementor-type=\"wp-page\" data-elementor-id=\"544\" class=\"elementor elementor-544\" data-elementor-settings=\"{&quot;ha_cmc_init_switcher&quot;:&quot;no&quot;}\" data-elementor-post-type=\"page\">\n\t\t\t\t<div class=\"elementor-element elementor-element-a094408 e-flex e-con-boxed e-con e-parent\" data-id=\"a094408\" data-element_type=\"container\" data-e-type=\"container\" data-settings=\"{&quot;_ha_eqh_enable&quot;:false}\">\n\t\t\t\t\t<div class=\"e-con-inner\">\n\t\t<div class=\"elementor-element elementor-element-3e1f0ba e-con-full e-flex e-con e-child\" data-id=\"3e1f0ba\" data-element_type=\"container\" data-e-type=\"container\" data-settings=\"{&quot;_ha_eqh_enable&quot;:false}\">\n\t\t\t\t<div class=\"elementor-element elementor-element-dbe799a ha-has-bg-overlay elementor-widget elementor-widget-image\" data-id=\"dbe799a\" data-element_type=\"widget\" data-e-type=\"widget\" data-widget_type=\"image.default\">\n\t\t\t\t<div class=\"elementor-widget-container\">\n\t\t\t\t\t\t\t\t\t\t\t\t\t\t\t<img fetchpriority=\"high\" decoding=\"async\" width=\"800\" height=\"800\" src=\"http:\/\/moulard.creamel.fr\/moulard\/wp-content\/uploads\/2024\/01\/2.jpg\" class=\"attachment-large size-large wp-image-1153\" alt=\"\" srcset=\"http:\/\/moulard.creamel.fr\/moulard\/wp-content\/uploads\/2024\/01\/2.jpg 828w, http:\/\/moulard.creamel.fr\/moulard\/wp-content\/uploads\/2024\/01\/2-300x300.jpg 300w, http:\/\/moulard.creamel.fr\/moulard\/wp-content\/uploads\/2024\/01\/2-150x150.jpg 150w, http:\/\/moulard.creamel.fr\/moulard\/wp-content\/uploads\/2024\/01\/2-768x768.jpg 768w\" sizes=\"(max-width: 800px) 100vw, 800px\" \/>\t\t\t\t\t\t\t\t\t\t\t\t\t\t\t<\/div>\n\t\t\t\t<\/div>\n\t\t\t\t<\/div>\n\t\t\t\t\t<\/div>\n\t\t\t\t<\/div>\n\t\t<div class=\"elementor-element elementor-element-fe82ab6 e-flex e-con-boxed e-con e-parent\" data-id=\"fe82ab6\" data-element_type=\"container\" data-e-type=\"container\" data-settings=\"{&quot;background_background&quot;:&quot;classic&quot;,&quot;_ha_eqh_enable&quot;:false}\">\n\t\t\t\t\t<div class=\"e-con-inner\">\n\t\t<div class=\"elementor-element elementor-element-e5e95ef e-flex e-con-boxed e-con e-child\" data-id=\"e5e95ef\" data-element_type=\"container\" data-e-type=\"container\" data-settings=\"{&quot;_ha_eqh_enable&quot;:false}\">\n\t\t\t\t\t<div class=\"e-con-inner\">\n\t\t\t\t<div class=\"elementor-element elementor-element-44f3790 elementor-widget elementor-widget-heading\" data-id=\"44f3790\" data-element_type=\"widget\" data-e-type=\"widget\" data-widget_type=\"heading.default\">\n\t\t\t\t<div class=\"elementor-widget-container\">\n\t\t\t\t\t<h2 class=\"elementor-heading-title elementor-size-default\">Formation initiale<\/h2>\t\t\t\t<\/div>\n\t\t\t\t<\/div>\n\t\t\t\t<div class=\"elementor-element elementor-element-8a134c1 elementor-widget elementor-widget-text-editor\" data-id=\"8a134c1\" data-element_type=\"widget\" data-e-type=\"widget\" data-widget_type=\"text-editor.default\">\n\t\t\t\t<div class=\"elementor-widget-container\">\n\t\t\t\t\t\t\t\t\t<p>J\u2019interviens depuis 2020 en partenariat avec l\u2019institut <a href=\"https:\/\/www.generation-formation.com\/\">G\u00e9n\u00e9ration Formation<\/a> \u00e0 Montpellier, pour qui j\u2019ai con\u00e7u les modules Technicien, Praticien et Ma\u00eetre-Praticien (modules Hypnose 2,3 et 4 sur 6).<\/p><p>Chaque module dure 5 jours, et est anim\u00e9 en pr\u00e9sentiel, avec tous les apports th\u00e9oriques n\u00e9cessaires, et surtout un maximum de pratique pour ancrer les apprentissages avec confiance et aisance.<\/p><p>Le module Technicien (H2) permet, apr\u00e8s les bases, anim\u00e9es par Carole Chat, de se perfectionner en technique hypnotique\u00a0: comment amener tout client \u00e0 entrer dans un \u00e9tat d\u2019hypnose qualitatif.<br \/>De nombreuses techniques sont ainsi pratiqu\u00e9es, pour avoir une vision de l\u2019ensemble des possibles, et commencer \u00e0 se sp\u00e9cialiser sur ce qui fonctionne le mieux.<\/p><p>Le module Praticien (H3) permet de continuer de renforcer la technique hypnotique par la pratique, et d\u2019acqu\u00e9rir 6 grandes strat\u00e9gies th\u00e9rapeutiques, pour pouvoir accompagner tous types de demandes, et s\u2019adapter \u00e0 ses diff\u00e9rents clients.<\/p><p>Le premier module de Ma\u00eetre-Praticien (H4) finit d\u2019ancrer la technique hypnotique et les strat\u00e9gies d\u2019accompagnement, qui auront pu \u00eatre exp\u00e9riment\u00e9es par les stagiaires dans la p\u00e9riode inter-modules. C\u2019est \u00e9galement l\u2019occasion de se pr\u00e9parer \u00e0 certaines demandes sp\u00e9cifiques (arr\u00eat du tabac, phobies\u2026) et de prendre du recul sur sa pratique.<\/p><p>\u00a0<\/p>\t\t\t\t\t\t\t\t<\/div>\n\t\t\t\t<\/div>\n\t\t\t\t\t<\/div>\n\t\t\t\t<\/div>\n\t\t\t\t\t<\/div>\n\t\t\t\t<\/div>\n\t\t<div class=\"elementor-element elementor-element-1237570 e-flex e-con-boxed e-con e-parent\" data-id=\"1237570\" data-element_type=\"container\" data-e-type=\"container\" data-settings=\"{&quot;background_background&quot;:&quot;classic&quot;,&quot;_ha_eqh_enable&quot;:false}\">\n\t\t\t\t\t<div class=\"e-con-inner\">\n\t\t<div class=\"elementor-element elementor-element-d3865b0 e-flex e-con-boxed e-con e-child\" data-id=\"d3865b0\" data-element_type=\"container\" data-e-type=\"container\" data-settings=\"{&quot;_ha_eqh_enable&quot;:false}\">\n\t\t\t\t\t<div class=\"e-con-inner\">\n\t\t\t\t<div class=\"elementor-element elementor-element-3c65b44 elementor-widget elementor-widget-heading\" data-id=\"3c65b44\" data-element_type=\"widget\" data-e-type=\"widget\" data-widget_type=\"heading.default\">\n\t\t\t\t<div class=\"elementor-widget-container\">\n\t\t\t\t\t<h2 class=\"elementor-heading-title elementor-size-default\">Ateliers de perfectionnement<\/h2>\t\t\t\t<\/div>\n\t\t\t\t<\/div>\n\t\t\t\t<div class=\"elementor-element elementor-element-e8577da elementor-widget elementor-widget-text-editor\" data-id=\"e8577da\" data-element_type=\"widget\" data-e-type=\"widget\" data-widget_type=\"text-editor.default\">\n\t\t\t\t<div class=\"elementor-widget-container\">\n\t\t\t\t\t\t\t\t\t<p>Je propose des ateliers en visio pour praticiens et praticiennes d\u00e9j\u00e0 form\u00e9es \u00e0 l\u2019accompagnement par l\u2019hypnose.<\/p>\t\t\t\t\t\t\t\t<\/div>\n\t\t\t\t<\/div>\n\t\t<div class=\"elementor-element elementor-element-d7b2b2c e-flex e-con-boxed e-con e-child\" data-id=\"d7b2b2c\" data-element_type=\"container\" data-e-type=\"container\" data-settings=\"{&quot;_ha_eqh_enable&quot;:false}\">\n\t\t\t\t\t<div class=\"e-con-inner\">\n\t\t<div class=\"elementor-element elementor-element-3a54f65 e-con-full e-flex e-con e-child\" data-id=\"3a54f65\" data-element_type=\"container\" data-e-type=\"container\" data-settings=\"{&quot;background_background&quot;:&quot;classic&quot;,&quot;_ha_eqh_enable&quot;:false}\">\n\t\t\t\t<div class=\"elementor-element elementor-element-27d8eb91 elementor-position-top elementor-widget elementor-widget-image-box\" data-id=\"27d8eb91\" data-element_type=\"widget\" data-e-type=\"widget\" data-widget_type=\"image-box.default\">\n\t\t\t\t<div class=\"elementor-widget-container\">\n\t\t\t\t\t<div class=\"elementor-image-box-wrapper\"><figure class=\"elementor-image-box-img\"><a href=\"https:\/\/my.weezevent.com\/atelier-enseigner-lautohypnose-a-ses-clients?fbclid=IwAR1HbAcDK6pe1w-svLNvJ1VnGmRedTC3ytEgued0FisVQlw1g85Um1_g3P4\" tabindex=\"-1\"><img decoding=\"async\" width=\"1350\" height=\"900\" src=\"http:\/\/moulard.creamel.fr\/moulard\/wp-content\/uploads\/2024\/01\/1.jpg\" class=\"attachment-full size-full wp-image-1152\" alt=\"\" srcset=\"http:\/\/moulard.creamel.fr\/moulard\/wp-content\/uploads\/2024\/01\/1.jpg 1350w, http:\/\/moulard.creamel.fr\/moulard\/wp-content\/uploads\/2024\/01\/1-300x200.jpg 300w, http:\/\/moulard.creamel.fr\/moulard\/wp-content\/uploads\/2024\/01\/1-1024x683.jpg 1024w, http:\/\/moulard.creamel.fr\/moulard\/wp-content\/uploads\/2024\/01\/1-768x512.jpg 768w\" sizes=\"(max-width: 1350px) 100vw, 1350px\" \/><\/a><\/figure><div class=\"elementor-image-box-content\"><h3 class=\"elementor-image-box-title\"><a href=\"https:\/\/my.weezevent.com\/atelier-enseigner-lautohypnose-a-ses-clients?fbclid=IwAR1HbAcDK6pe1w-svLNvJ1VnGmRedTC3ytEgued0FisVQlw1g85Um1_g3P4\">Enseigner l'autohypnose \u00e0 ses client.e.s<\/a><\/h3><p class=\"elementor-image-box-description\">un syst\u00e8me th\u00e9rapeutique en soi pour se faire connaitre<\/p><\/div><\/div>\t\t\t\t<\/div>\n\t\t\t\t<\/div>\n\t\t\t\t<div class=\"elementor-element elementor-element-377ab836 elementor-widget elementor-widget-text-editor\" data-id=\"377ab836\" data-element_type=\"widget\" data-e-type=\"widget\" data-widget_type=\"text-editor.default\">\n\t\t\t\t<div class=\"elementor-widget-container\">\n\t\t\t\t\t\t\t\t\t<p><span class=\"gmail-x4k7w5x gmail-x1h91t0o gmail-x1h9r5lt gmail-x1jfb8zj gmail-xv2umb2 gmail-x1beo9mf gmail-xaigb6o gmail-x12ejxvf gmail-x3igimt gmail-xarpa2k gmail-xedcshv gmail-x1lytzrv gmail-x1t2pt76 gmail-x7ja8zs gmail-x1qrby5j\">1 journ\u00e9e<br \/><\/span><\/p>\t\t\t\t\t\t\t\t<\/div>\n\t\t\t\t<\/div>\n\t\t\t\t<\/div>\n\t\t<div class=\"elementor-element elementor-element-9fc14c9 e-con-full e-flex e-con e-child\" data-id=\"9fc14c9\" data-element_type=\"container\" data-e-type=\"container\" data-settings=\"{&quot;background_background&quot;:&quot;classic&quot;,&quot;_ha_eqh_enable&quot;:false}\">\n\t\t\t\t<div class=\"elementor-element elementor-element-1a94692 elementor-position-top elementor-widget elementor-widget-image-box\" data-id=\"1a94692\" data-element_type=\"widget\" data-e-type=\"widget\" data-widget_type=\"image-box.default\">\n\t\t\t\t<div class=\"elementor-widget-container\">\n\t\t\t\t\t<div class=\"elementor-image-box-wrapper\"><figure class=\"elementor-image-box-img\"><a href=\"https:\/\/my.weezevent.com\/organiser-des-ateliers-dautohypnose-pour-se-faire-connaitre?fbclid=IwAR1RWvvb59HLI_j5n-vD3qZ5WN6ILDjmWCBRntp1jS3zHOgdrqPZfyvNNw8\" tabindex=\"-1\"><img decoding=\"async\" width=\"2048\" height=\"1536\" src=\"http:\/\/moulard.creamel.fr\/moulard\/wp-content\/uploads\/2024\/01\/3.jpg\" class=\"attachment-full size-full wp-image-1154\" alt=\"\" srcset=\"http:\/\/moulard.creamel.fr\/moulard\/wp-content\/uploads\/2024\/01\/3.jpg 2048w, http:\/\/moulard.creamel.fr\/moulard\/wp-content\/uploads\/2024\/01\/3-300x225.jpg 300w, http:\/\/moulard.creamel.fr\/moulard\/wp-content\/uploads\/2024\/01\/3-1024x768.jpg 1024w, http:\/\/moulard.creamel.fr\/moulard\/wp-content\/uploads\/2024\/01\/3-768x576.jpg 768w, http:\/\/moulard.creamel.fr\/moulard\/wp-content\/uploads\/2024\/01\/3-1536x1152.jpg 1536w\" sizes=\"(max-width: 2048px) 100vw, 2048px\" \/><\/a><\/figure><div class=\"elementor-image-box-content\"><h3 class=\"elementor-image-box-title\"><a href=\"https:\/\/my.weezevent.com\/organiser-des-ateliers-dautohypnose-pour-se-faire-connaitre?fbclid=IwAR1RWvvb59HLI_j5n-vD3qZ5WN6ILDjmWCBRntp1jS3zHOgdrqPZfyvNNw8\">Organiser des ateliers d\u2019(auto)hypnose<\/a><\/h3><p class=\"elementor-image-box-description\"> pour se faire connaitre<\/p><\/div><\/div>\t\t\t\t<\/div>\n\t\t\t\t<\/div>\n\t\t\t\t<div class=\"elementor-element elementor-element-03617b4 elementor-widget elementor-widget-text-editor\" data-id=\"03617b4\" data-element_type=\"widget\" data-e-type=\"widget\" data-widget_type=\"text-editor.default\">\n\t\t\t\t<div class=\"elementor-widget-container\">\n\t\t\t\t\t\t\t\t\t<p><span class=\"gmail-x4k7w5x gmail-x1h91t0o gmail-x1h9r5lt gmail-x1jfb8zj gmail-xv2umb2 gmail-x1beo9mf gmail-xaigb6o gmail-x12ejxvf gmail-x3igimt gmail-xarpa2k gmail-xedcshv gmail-x1lytzrv gmail-x1t2pt76 gmail-x7ja8zs gmail-x1qrby5j\">1 journ\u00e9e<br \/><\/span><\/p>\t\t\t\t\t\t\t\t<\/div>\n\t\t\t\t<\/div>\n\t\t\t\t<\/div>\n\t\t<div class=\"elementor-element elementor-element-fe972dd e-con-full e-flex e-con e-child\" data-id=\"fe972dd\" data-element_type=\"container\" data-e-type=\"container\" data-settings=\"{&quot;background_background&quot;:&quot;classic&quot;,&quot;_ha_eqh_enable&quot;:false}\">\n\t\t\t\t<div class=\"elementor-element elementor-element-03c9952 elementor-position-top elementor-widget elementor-widget-image-box\" data-id=\"03c9952\" data-element_type=\"widget\" data-e-type=\"widget\" data-widget_type=\"image-box.default\">\n\t\t\t\t<div class=\"elementor-widget-container\">\n\t\t\t\t\t<div class=\"elementor-image-box-wrapper\"><figure class=\"elementor-image-box-img\"><a href=\"https:\/\/my.weezevent.com\/les-mains-miroirs-comme-systeme-therapeutique-complet?fbclid=IwAR3Kp06nPiuAGFTtSx4GcyWnWEVfgXI_L0eWfhPYK5C_NzS7tgSLrWHHcp0\" tabindex=\"-1\"><img loading=\"lazy\" decoding=\"async\" width=\"2048\" height=\"1536\" src=\"http:\/\/moulard.creamel.fr\/moulard\/wp-content\/uploads\/2024\/01\/4.jpg\" class=\"attachment-full size-full wp-image-1155\" alt=\"\" srcset=\"http:\/\/moulard.creamel.fr\/moulard\/wp-content\/uploads\/2024\/01\/4.jpg 2048w, http:\/\/moulard.creamel.fr\/moulard\/wp-content\/uploads\/2024\/01\/4-300x225.jpg 300w, http:\/\/moulard.creamel.fr\/moulard\/wp-content\/uploads\/2024\/01\/4-1024x768.jpg 1024w, http:\/\/moulard.creamel.fr\/moulard\/wp-content\/uploads\/2024\/01\/4-768x576.jpg 768w, http:\/\/moulard.creamel.fr\/moulard\/wp-content\/uploads\/2024\/01\/4-1536x1152.jpg 1536w\" sizes=\"(max-width: 2048px) 100vw, 2048px\" \/><\/a><\/figure><div class=\"elementor-image-box-content\"><h3 class=\"elementor-image-box-title\"><a href=\"https:\/\/my.weezevent.com\/les-mains-miroirs-comme-systeme-therapeutique-complet?fbclid=IwAR3Kp06nPiuAGFTtSx4GcyWnWEVfgXI_L0eWfhPYK5C_NzS7tgSLrWHHcp0\">Les \u00ab Mains miroirs \u00bb<\/a><\/h3><p class=\"elementor-image-box-description\">comme syst\u00e8me th\u00e9rapeutique complet <\/p><\/div><\/div>\t\t\t\t<\/div>\n\t\t\t\t<\/div>\n\t\t\t\t<div class=\"elementor-element elementor-element-f5488c5 elementor-widget elementor-widget-text-editor\" data-id=\"f5488c5\" data-element_type=\"widget\" data-e-type=\"widget\" data-widget_type=\"text-editor.default\">\n\t\t\t\t<div class=\"elementor-widget-container\">\n\t\t\t\t\t\t\t\t\t<p><span class=\"gmail-x4k7w5x gmail-x1h91t0o gmail-x1h9r5lt gmail-x1jfb8zj gmail-xv2umb2 gmail-x1beo9mf gmail-xaigb6o gmail-x12ejxvf gmail-x3igimt gmail-xarpa2k gmail-xedcshv gmail-x1lytzrv gmail-x1t2pt76 gmail-x7ja8zs gmail-x1qrby5j\">2 jours<\/span><\/p>\t\t\t\t\t\t\t\t<\/div>\n\t\t\t\t<\/div>\n\t\t\t\t<\/div>\n\t\t<div class=\"elementor-element elementor-element-80e7b75 e-con-full e-flex e-con e-child\" data-id=\"80e7b75\" data-element_type=\"container\" data-e-type=\"container\" data-settings=\"{&quot;background_background&quot;:&quot;classic&quot;,&quot;_ha_eqh_enable&quot;:false}\">\n\t\t\t\t<div class=\"elementor-element elementor-element-657b990 elementor-position-top elementor-widget elementor-widget-image-box\" data-id=\"657b990\" data-element_type=\"widget\" data-e-type=\"widget\" data-widget_type=\"image-box.default\">\n\t\t\t\t<div class=\"elementor-widget-container\">\n\t\t\t\t\t<div class=\"elementor-image-box-wrapper\"><figure class=\"elementor-image-box-img\"><a href=\"https:\/\/my.weezevent.com\/pratique-lhypnose-en-visio-avec-aisance?fbclid=IwAR3brwf1rBJ48i03CtK89TKivPVSU2nouSvCHjhV1KvDqtm4j7XR5PwTJ9A\" tabindex=\"-1\"><img loading=\"lazy\" decoding=\"async\" width=\"2560\" height=\"1920\" src=\"http:\/\/moulard.creamel.fr\/moulard\/wp-content\/uploads\/2024\/01\/5-scaled.jpg\" class=\"attachment-full size-full wp-image-1156\" alt=\"\" srcset=\"http:\/\/moulard.creamel.fr\/moulard\/wp-content\/uploads\/2024\/01\/5-scaled.jpg 2560w, http:\/\/moulard.creamel.fr\/moulard\/wp-content\/uploads\/2024\/01\/5-300x225.jpg 300w, http:\/\/moulard.creamel.fr\/moulard\/wp-content\/uploads\/2024\/01\/5-1024x768.jpg 1024w, http:\/\/moulard.creamel.fr\/moulard\/wp-content\/uploads\/2024\/01\/5-768x576.jpg 768w, http:\/\/moulard.creamel.fr\/moulard\/wp-content\/uploads\/2024\/01\/5-1536x1152.jpg 1536w, http:\/\/moulard.creamel.fr\/moulard\/wp-content\/uploads\/2024\/01\/5-2048x1536.jpg 2048w\" sizes=\"(max-width: 2560px) 100vw, 2560px\" \/><\/a><\/figure><div class=\"elementor-image-box-content\"><h3 class=\"elementor-image-box-title\"><a href=\"https:\/\/my.weezevent.com\/pratique-lhypnose-en-visio-avec-aisance?fbclid=IwAR3brwf1rBJ48i03CtK89TKivPVSU2nouSvCHjhV1KvDqtm4j7XR5PwTJ9A\">Pratiquer l\u2019hypnose en visio<\/a><\/h3><p class=\"elementor-image-box-description\">avec aisance <\/p><\/div><\/div>\t\t\t\t<\/div>\n\t\t\t\t<\/div>\n\t\t\t\t<div class=\"elementor-element elementor-element-52f5e66 elementor-widget elementor-widget-text-editor\" data-id=\"52f5e66\" data-element_type=\"widget\" data-e-type=\"widget\" data-widget_type=\"text-editor.default\">\n\t\t\t\t<div class=\"elementor-widget-container\">\n\t\t\t\t\t\t\t\t\t<p><span class=\"gmail-x4k7w5x gmail-x1h91t0o gmail-x1h9r5lt gmail-x1jfb8zj gmail-xv2umb2 gmail-x1beo9mf gmail-xaigb6o gmail-x12ejxvf gmail-x3igimt gmail-xarpa2k gmail-xedcshv gmail-x1lytzrv gmail-x1t2pt76 gmail-x7ja8zs gmail-x1qrby5j\">1\/2 journ\u00e9e<\/span><\/p>\t\t\t\t\t\t\t\t<\/div>\n\t\t\t\t<\/div>\n\t\t\t\t<\/div>\n\t\t\t\t\t<\/div>\n\t\t\t\t<\/div>\n\t\t\t\t\t<\/div>\n\t\t\t\t<\/div>\n\t\t\t\t\t<\/div>\n\t\t\t\t<\/div>\n\t\t<div class=\"elementor-element elementor-element-15dd5dfd e-con-full e-flex e-con e-parent\" data-id=\"15dd5dfd\" data-element_type=\"container\" data-e-type=\"container\" data-settings=\"{&quot;background_background&quot;:&quot;classic&quot;,&quot;_ha_eqh_enable&quot;:false}\">\n\t\t\t\t<div class=\"elementor-element elementor-element-5c3b95dc elementor-widget elementor-widget-heading\" data-id=\"5c3b95dc\" data-element_type=\"widget\" data-e-type=\"widget\" data-widget_type=\"heading.default\">\n\t\t\t\t<div class=\"elementor-widget-container\">\n\t\t\t\t\t<h2 class=\"elementor-heading-title elementor-size-default\">Hypnoth\u00e9rapie<\/h2>\t\t\t\t<\/div>\n\t\t\t\t<\/div>\n\t\t<div class=\"elementor-element elementor-element-24cbe4b9 e-con-full e-flex e-con e-child\" data-id=\"24cbe4b9\" data-element_type=\"container\" data-e-type=\"container\" data-settings=\"{&quot;_ha_eqh_enable&quot;:false}\">\n\t\t<div data-ha-element-link=\"{&quot;url&quot;:&quot;http:\\\/\\\/moulard.creamel.fr\\\/moulard\\\/index.php\\\/accompagnement\\\/&quot;,&quot;is_external&quot;:&quot;&quot;,&quot;nofollow&quot;:&quot;&quot;}\" style=\"cursor: pointer\" class=\"elementor-element elementor-element-53b584ab e-flex e-con-boxed e-con e-child\" data-id=\"53b584ab\" data-element_type=\"container\" data-e-type=\"container\" data-settings=\"{&quot;background_background&quot;:&quot;classic&quot;,&quot;_ha_eqh_enable&quot;:false}\">\n\t\t\t\t\t<div class=\"e-con-inner\">\n\t\t\t\t<div class=\"elementor-element elementor-element-466c23c4 elementor-widget elementor-widget-heading\" data-id=\"466c23c4\" data-element_type=\"widget\" data-e-type=\"widget\" data-widget_type=\"heading.default\">\n\t\t\t\t<div class=\"elementor-widget-container\">\n\t\t\t\t\t<h4 class=\"elementor-heading-title elementor-size-default\">Hypnoth\u00e9rapie<\/h4>\t\t\t\t<\/div>\n\t\t\t\t<\/div>\n\t\t\t\t<div class=\"elementor-element elementor-element-1730b359 elementor-align-center elementor-widget elementor-widget-button\" data-id=\"1730b359\" data-element_type=\"widget\" data-e-type=\"widget\" data-widget_type=\"button.default\">\n\t\t\t\t<div class=\"elementor-widget-container\">\n\t\t\t\t\t\t\t\t\t<div class=\"elementor-button-wrapper\">\n\t\t\t\t\t<a class=\"elementor-button elementor-size-sm\" role=\"button\">\n\t\t\t\t\t\t<span class=\"elementor-button-content-wrapper\">\n\t\t\t\t\t\t\t\t\t<span class=\"elementor-button-text\">Accompagnement<\/span>\n\t\t\t\t\t<\/span>\n\t\t\t\t\t<\/a>\n\t\t\t\t<\/div>\n\t\t\t\t\t\t\t\t<\/div>\n\t\t\t\t<\/div>\n\t\t\t\t<div class=\"elementor-element elementor-element-5018b678 elementor-widget elementor-widget-text-editor\" data-id=\"5018b678\" data-element_type=\"widget\" data-e-type=\"widget\" data-widget_type=\"text-editor.default\">\n\t\t\t\t<div class=\"elementor-widget-container\">\n\t\t\t\t\t\t\t\t\t<p style=\"text-align: center;\">Am\u00e9liorez votre vie avec l&#8217;hypnose<\/p>\t\t\t\t\t\t\t\t<\/div>\n\t\t\t\t<\/div>\n\t\t\t\t\t<\/div>\n\t\t\t\t<\/div>\n\t\t<div data-ha-element-link=\"{&quot;url&quot;:&quot;http:\\\/\\\/moulard.creamel.fr\\\/moulard\\\/index.php\\\/supervision\\\/&quot;,&quot;is_external&quot;:&quot;&quot;,&quot;nofollow&quot;:&quot;&quot;}\" style=\"cursor: pointer\" class=\"elementor-element elementor-element-5a24551f e-con-full e-flex e-con e-child\" data-id=\"5a24551f\" data-element_type=\"container\" data-e-type=\"container\" data-settings=\"{&quot;background_background&quot;:&quot;classic&quot;,&quot;_ha_eqh_enable&quot;:false}\">\n\t\t\t\t<div class=\"elementor-element elementor-element-2add9348 elementor-widget elementor-widget-heading\" data-id=\"2add9348\" data-element_type=\"widget\" data-e-type=\"widget\" data-widget_type=\"heading.default\">\n\t\t\t\t<div class=\"elementor-widget-container\">\n\t\t\t\t\t<h4 class=\"elementor-heading-title elementor-size-default\">Hypnoth\u00e9rapie<\/h4>\t\t\t\t<\/div>\n\t\t\t\t<\/div>\n\t\t\t\t<div class=\"elementor-element elementor-element-49ff0ef7 elementor-align-center elementor-widget elementor-widget-button\" data-id=\"49ff0ef7\" data-element_type=\"widget\" data-e-type=\"widget\" data-widget_type=\"button.default\">\n\t\t\t\t<div class=\"elementor-widget-container\">\n\t\t\t\t\t\t\t\t\t<div class=\"elementor-button-wrapper\">\n\t\t\t\t\t<a class=\"elementor-button elementor-size-sm\" role=\"button\">\n\t\t\t\t\t\t<span class=\"elementor-button-content-wrapper\">\n\t\t\t\t\t\t\t\t\t<span class=\"elementor-button-text\">Supervision<\/span>\n\t\t\t\t\t<\/span>\n\t\t\t\t\t<\/a>\n\t\t\t\t<\/div>\n\t\t\t\t\t\t\t\t<\/div>\n\t\t\t\t<\/div>\n\t\t\t\t<div class=\"elementor-element elementor-element-539be90b elementor-widget elementor-widget-text-editor\" data-id=\"539be90b\" data-element_type=\"widget\" data-e-type=\"widget\" data-widget_type=\"text-editor.default\">\n\t\t\t\t<div class=\"elementor-widget-container\">\n\t\t\t\t\t\t\t\t\t<p style=\"text-align: center;\">Praticien.ne.s en hypnose, prenez du recul et am\u00e9liorez votre pratique professionnelle !<\/p>\t\t\t\t\t\t\t\t<\/div>\n\t\t\t\t<\/div>\n\t\t\t\t<\/div>\n\t\t\t\t<\/div>\n\t\t\t\t<\/div>\n\t\t\t\t<\/div>\n\t\t","protected":false},"excerpt":{"rendered":"<p>Formation initiale J\u2019interviens depuis 2020 en partenariat avec l\u2019institut G\u00e9n\u00e9ration Formation \u00e0 Montpellier, pour qui j\u2019ai con\u00e7u les modules Technicien, Praticien et Ma\u00eetre-Praticien (modules Hypnose 2,3 et 4 sur 6). Chaque module dure 5 jours, et est anim\u00e9 en pr\u00e9sentiel, avec tous les apports th\u00e9oriques n\u00e9cessaires, et surtout un maximum de pratique pour ancrer les [&hellip;]<\/p>\n","protected":false},"author":1,"featured_media":0,"parent":0,"menu_order":0,"comment_status":"closed","ping_status":"open","template":"","meta":{"footnotes":""},"class_list":["post-544","page","type-page","status-publish","hentry"],"_links":{"self":[{"href":"http:\/\/moulard.creamel.fr\/moulard\/index.php\/wp-json\/wp\/v2\/pages\/544","targetHints":{"allow":["GET"]}}],"collection":[{"href":"http:\/\/moulard.creamel.fr\/moulard\/index.php\/wp-json\/wp\/v2\/pages"}],"about":[{"href":"http:\/\/moulard.creamel.fr\/moulard\/index.php\/wp-json\/wp\/v2\/types\/page"}],"author":[{"embeddable":true,"href":"http:\/\/moulard.creamel.fr\/moulard\/index.php\/wp-json\/wp\/v2\/users\/1"}],"replies":[{"embeddable":true,"href":"http:\/\/moulard.creamel.fr\/moulard\/index.php\/wp-json\/wp\/v2\/comments?post=544"}],"version-history":[{"count":68,"href":"http:\/\/moulard.creamel.fr\/moulard\/index.php\/wp-json\/wp\/v2\/pages\/544\/revisions"}],"predecessor-version":[{"id":1159,"href":"http:\/\/moulard.creamel.fr\/moulard\/index.php\/wp-json\/wp\/v2\/pages\/544\/revisions\/1159"}],"wp:attachment":[{"href":"http:\/\/moulard.creamel.fr\/moulard\/index.php\/wp-json\/wp\/v2\/media?parent=544"}],"curies":[{"name":"wp","href":"https:\/\/api.w.org\/{rel}","templated":true}]}}