{"id":754,"date":"2023-11-17T16:00:26","date_gmt":"2023-11-17T15:00:26","guid":{"rendered":"http:\/\/moulard.creamel.fr\/moulard\/?page_id=754"},"modified":"2023-12-13T11:45:16","modified_gmt":"2023-12-13T10:45:16","slug":"pour-les-entreprises","status":"publish","type":"page","link":"http:\/\/moulard.creamel.fr\/moulard\/index.php\/pour-les-entreprises\/","title":{"rendered":"Pour les entreprises"},"content":{"rendered":"\t\t<div data-elementor-type=\"wp-page\" data-elementor-id=\"754\" class=\"elementor elementor-754\" data-elementor-settings=\"{&quot;ha_cmc_init_switcher&quot;:&quot;no&quot;}\" data-elementor-post-type=\"page\">\n\t\t\t\t<div class=\"elementor-element elementor-element-fe82ab6 e-flex e-con-boxed e-con e-parent\" data-id=\"fe82ab6\" data-element_type=\"container\" data-e-type=\"container\" data-settings=\"{&quot;background_background&quot;:&quot;classic&quot;,&quot;_ha_eqh_enable&quot;:false}\">\n\t\t\t\t\t<div class=\"e-con-inner\">\n\t\t<div class=\"elementor-element elementor-element-e5e95ef e-flex e-con-boxed e-con e-child\" data-id=\"e5e95ef\" data-element_type=\"container\" data-e-type=\"container\" data-settings=\"{&quot;_ha_eqh_enable&quot;:false}\">\n\t\t\t\t\t<div class=\"e-con-inner\">\n\t\t\t\t<div class=\"elementor-element elementor-element-8533dfb elementor-widget elementor-widget-heading\" data-id=\"8533dfb\" data-element_type=\"widget\" data-e-type=\"widget\" data-widget_type=\"heading.default\">\n\t\t\t\t<div class=\"elementor-widget-container\">\n\t\t\t\t\t<h2 class=\"elementor-heading-title elementor-size-default\">Solutions innovantes pour la performance et le bien-\u00eatre au travail<\/h2>\t\t\t\t<\/div>\n\t\t\t\t<\/div>\n\t\t\t\t<div class=\"elementor-element elementor-element-8a134c1 elementor-widget elementor-widget-text-editor\" data-id=\"8a134c1\" data-element_type=\"widget\" data-e-type=\"widget\" data-widget_type=\"text-editor.default\">\n\t\t\t\t<div class=\"elementor-widget-container\">\n\t\t\t\t\t\t\t\t\t<p>Ma formation initiale \u00e9tait focalis\u00e9e sur le monde de l\u2019entreprise (Master en Sciences du management dans l\u2019\u00e9cole de commerce EM Lyon en 2009). J\u2019ai ainsi commenc\u00e9 ma carri\u00e8re en tant consultant en conduite du changement, aidant des clients prestigieux comme la Caisse des D\u00e9p\u00f4ts et Consignations, BNP Paribas, etc. \u00e0 mettre en place des changements importants, comme la prise de poste de dirigeants ou la r\u00e9organisation de leurs process et structures.<\/p><p>J\u2019ai donc pu assister aux premi\u00e8res loges aux besoins des entreprises et de leurs collaborateurs en termes de communication et de strat\u00e9gies mentales et \u00e9motionnelles, pour optimiser leur performance et leur bien-\u00eatre dans le contexte professionnel.<\/p><p>C\u2019est la raison pour laquelle, depuis 2016, j\u2019applique et adapte les outils et strat\u00e9gies de communication efficaces de l\u2019hypnoth\u00e9rapie aux enjeux professionnels, toujours de mani\u00e8re respectueuse, pour toutes les parties prenantes.<\/p><p>Cela prend plusieurs formes\u00a0:<\/p><ul><li>Coaching individuel pour dirigeants, managers, entrepreneurs<\/li><li>Ateliers et formations en communication et management (gestion du stress, des conflits, prise de parole en public, optimisation de son \u00e9nergie, confiance en soi\u2026)<\/li><li>Conf\u00e9rences et spectacles<\/li><\/ul>\t\t\t\t\t\t\t\t<\/div>\n\t\t\t\t<\/div>\n\t\t\t\t\t<\/div>\n\t\t\t\t<\/div>\n\t\t\t\t\t<\/div>\n\t\t\t\t<\/div>\n\t\t<div class=\"elementor-element elementor-element-36e8ad2 e-flex e-con-boxed e-con e-parent\" data-id=\"36e8ad2\" data-element_type=\"container\" data-e-type=\"container\" data-settings=\"{&quot;_ha_eqh_enable&quot;:false}\">\n\t\t\t\t\t<div class=\"e-con-inner\">\n\t\t<div class=\"elementor-element elementor-element-d6847e3 e-con-full e-flex e-con e-child\" data-id=\"d6847e3\" data-element_type=\"container\" data-e-type=\"container\" data-settings=\"{&quot;_ha_eqh_enable&quot;:false}\">\n\t\t\t\t<div class=\"elementor-element elementor-element-f382ab7 elementor-widget elementor-widget-ha-creative-button happy-addon ha-creative-button\" data-id=\"f382ab7\" data-element_type=\"widget\" data-e-type=\"widget\" data-widget_type=\"ha-creative-button.default\">\n\t\t\t\t<div class=\"elementor-widget-container\">\n\t\t\t\t\t\t\t<div data-magnetic=\"no\" class=\"ha-creative-btn-wrap\">\n\t\t\t<a class=\"ha-creative-btn ha-stl--hermosa ha-eft--render\" href=\"http:\/\/moulard.creamel.fr\/moulard\/index.php\/coaching\/\" rel=\"nofollow\"><span>Coaching individuel pour dirigeants, managers, entrepreneurs<\/span><\/a>\n\t\t<\/div>\t\t\t\t<\/div>\n\t\t\t\t<\/div>\n\t\t\t\t<\/div>\n\t\t<div class=\"elementor-element elementor-element-4fab83c e-con-full e-flex e-con e-child\" data-id=\"4fab83c\" data-element_type=\"container\" data-e-type=\"container\" data-settings=\"{&quot;_ha_eqh_enable&quot;:false}\">\n\t\t\t\t<div class=\"elementor-element elementor-element-cbd6bbd elementor-widget elementor-widget-ha-creative-button happy-addon ha-creative-button\" data-id=\"cbd6bbd\" data-element_type=\"widget\" data-e-type=\"widget\" data-widget_type=\"ha-creative-button.default\">\n\t\t\t\t<div class=\"elementor-widget-container\">\n\t\t\t\t\t\t\t<div data-magnetic=\"no\" class=\"ha-creative-btn-wrap\">\n\t\t\t<a class=\"ha-creative-btn ha-stl--hermosa ha-eft--render\" href=\"http:\/\/moulard.creamel.fr\/moulard\/index.php\/atelier\/\" rel=\"nofollow\"><span>Ateliers et formations en communication et management <\/span><\/a>\n\t\t<\/div>\t\t\t\t<\/div>\n\t\t\t\t<\/div>\n\t\t\t\t<\/div>\n\t\t<div class=\"elementor-element elementor-element-df1a634 e-con-full e-flex e-con e-child\" data-id=\"df1a634\" data-element_type=\"container\" data-e-type=\"container\" data-settings=\"{&quot;_ha_eqh_enable&quot;:false}\">\n\t\t\t\t<div class=\"elementor-element elementor-element-c9306df elementor-widget elementor-widget-ha-creative-button happy-addon ha-creative-button\" data-id=\"c9306df\" data-element_type=\"widget\" data-e-type=\"widget\" data-widget_type=\"ha-creative-button.default\">\n\t\t\t\t<div class=\"elementor-widget-container\">\n\t\t\t\t\t\t\t<div data-magnetic=\"no\" class=\"ha-creative-btn-wrap\">\n\t\t\t<a class=\"ha-creative-btn ha-stl--hermosa ha-eft--render\" href=\"http:\/\/moulard.creamel.fr\/moulard\/index.php\/conferences-et-spectacles\/\" rel=\"nofollow\"><span>Conf\u00e9rences \/ spectacle<\/span><\/a>\n\t\t<\/div>\t\t\t\t<\/div>\n\t\t\t\t<\/div>\n\t\t\t\t<\/div>\n\t\t\t\t\t<\/div>\n\t\t\t\t<\/div>\n\t\t\t\t<\/div>\n\t\t","protected":false},"excerpt":{"rendered":"<p>Solutions innovantes pour la performance et le bien-\u00eatre au travail Ma formation initiale \u00e9tait focalis\u00e9e sur le monde de l\u2019entreprise (Master en Sciences du management dans l\u2019\u00e9cole de commerce EM Lyon en 2009). J\u2019ai ainsi commenc\u00e9 ma carri\u00e8re en tant consultant en conduite du changement, aidant des clients prestigieux comme la Caisse des D\u00e9p\u00f4ts et [&hellip;]<\/p>\n","protected":false},"author":1,"featured_media":0,"parent":0,"menu_order":0,"comment_status":"closed","ping_status":"open","template":"","meta":{"footnotes":""},"class_list":["post-754","page","type-page","status-publish","hentry"],"_links":{"self":[{"href":"http:\/\/moulard.creamel.fr\/moulard\/index.php\/wp-json\/wp\/v2\/pages\/754","targetHints":{"allow":["GET"]}}],"collection":[{"href":"http:\/\/moulard.creamel.fr\/moulard\/index.php\/wp-json\/wp\/v2\/pages"}],"about":[{"href":"http:\/\/moulard.creamel.fr\/moulard\/index.php\/wp-json\/wp\/v2\/types\/page"}],"author":[{"embeddable":true,"href":"http:\/\/moulard.creamel.fr\/moulard\/index.php\/wp-json\/wp\/v2\/users\/1"}],"replies":[{"embeddable":true,"href":"http:\/\/moulard.creamel.fr\/moulard\/index.php\/wp-json\/wp\/v2\/comments?post=754"}],"version-history":[{"count":40,"href":"http:\/\/moulard.creamel.fr\/moulard\/index.php\/wp-json\/wp\/v2\/pages\/754\/revisions"}],"predecessor-version":[{"id":1089,"href":"http:\/\/moulard.creamel.fr\/moulard\/index.php\/wp-json\/wp\/v2\/pages\/754\/revisions\/1089"}],"wp:attachment":[{"href":"http:\/\/moulard.creamel.fr\/moulard\/index.php\/wp-json\/wp\/v2\/media?parent=754"}],"curies":[{"name":"wp","href":"https:\/\/api.w.org\/{rel}","templated":true}]}}